{"id":1816,"date":"2022-03-16T11:14:08","date_gmt":"2022-03-16T10:14:08","guid":{"rendered":"https:\/\/pratgir.clubdeplantillas.com\/politica-de-privacitat\/"},"modified":"2022-05-05T19:59:57","modified_gmt":"2022-05-05T17:59:57","slug":"politica-de-privacidad","status":"publish","type":"page","link":"https:\/\/www.pratgir.com\/es\/politica-de-privacidad\/","title":{"rendered":"Pol\u00edtica de privacidad"},"content":{"rendered":"\n<div class=\"wp-block-cover alignfull capcalera\" style=\"min-height:300px;aspect-ratio:unset;\"><span aria-hidden=\"true\" class=\"has-ast-global-color-0-background-color has-background-dim-70 wp-block-cover__gradient-background has-background-dim\"><\/span><img loading=\"lazy\" decoding=\"async\" width=\"1280\" height=\"960\" class=\"wp-block-cover__image-background wp-image-804\" alt=\"\" src=\"https:\/\/www.pratgir.com\/wp-content\/uploads\/2022\/03\/pratgir-empresa.jpg\" style=\"object-position:49% 63%\" data-object-fit=\"cover\" data-object-position=\"49% 63%\" srcset=\"https:\/\/www.pratgir.com\/wp-content\/uploads\/2022\/03\/pratgir-empresa.jpg 1280w, https:\/\/www.pratgir.com\/wp-content\/uploads\/2022\/03\/pratgir-empresa-300x225.jpg 300w, https:\/\/www.pratgir.com\/wp-content\/uploads\/2022\/03\/pratgir-empresa-1024x768.jpg 1024w, https:\/\/www.pratgir.com\/wp-content\/uploads\/2022\/03\/pratgir-empresa-768x576.jpg 768w\" sizes=\"auto, (max-width: 1280px) 100vw, 1280px\" \/><div class=\"wp-block-cover__inner-container is-layout-flow wp-block-cover-is-layout-flow\">\n<h1 class=\"has-text-align-center has-white-color has-text-color wp-block-heading\">Pol\u00edtica de <strong>privacidad<\/strong><\/h1>\n<\/div><\/div>\n\n\n\n<p>Pratgir Reciclatges, S.L., como Responsable del Tratamiento, con CIF: B64858541, y como responsable de la web Pratgir Reciclatges, le informa en virtud de la legislaci\u00f3n vigente en materia de Protecci\u00f3n de Datos de car\u00e1cter personal, que los datos personales recogidos mediante los distintos formularios del website, y que los haga llegar a las direcciones de correo de contacto ser\u00e1n tratados con las siguientes finalidades:<\/p>\n\n\n\n<ul class=\"wp-block-list\"><li>Atender los comentarios o consultes que haga llegar a nuestra organizaci\u00f3n.<\/li><li>Recibir comunicaciones de novedades y informaci\u00f3n de productos y Servicios ofrecidos, en el caso de que el usuario lo haya autorizado expresamente.<\/li><\/ul>\n\n\n\n<p>Los datos que nos facilite se conservaran durante el tiempo estrictamente necesario para atender a su solicitud (inferior a seis meses, excepto que de su solicitud se derive una actuaci\u00f3n que requiera por motivos legales conservarla durante un per\u00edodo m\u00e1s largo de tiempo), o durante los a\u00f1os necesarios para cumplir con las obligaciones legales, como la legislaci\u00f3n tributaria.<\/p>\n\n\n\n<p>El usuario garantiza la autenticidad de todos aquellos datos que comunique a trav\u00e9s de<a href=\"http:\/\/www.pratgir.com\/\"> www.pratgir.com<\/a>y como mantendr\u00e1 actualizada la informaci\u00f3n que facilite a Pratgir Reciclatges, de forma que responda en todo momento a su situaci\u00f3n real, siendo el \u00fanico responsable de manifestaciones falses o inexactas que realice, as\u00ed como de los perjuicios que cause por esta raz\u00f3n a Pratgir Reciclatges o a terceros.<\/p>\n\n\n\n<p>Le informamos que usted puede ejercer los derechos de acceso, rectificaci\u00f3n, supresi\u00f3n, oposici\u00f3n, limitaci\u00f3n del tratamiento y portabilidad sobre los datos personales que nos ha facilitado. Para hacerlo, puede hacer llegar su solicitud a nuestra organizaci\u00f3n, haci\u00e9ndonos llegar su solicitud por correo postal a Pratgir Reciclatges, Ref. Protecci\u00f3n de Datos, Calle Polonia, 3, 08520 \u2013 Les Franqueses del Vall\u00e8s, o bien hacernos llegar su solicitud a la direcci\u00f3n <a href=\"mailto:pratgir@pratgir.com\">pratgir@pratgir.com<\/a>.<\/p>\n\n\n\n<p>A continuaci\u00f3n, se ampl\u00eda la informaci\u00f3n sobre los tratamientos de los datos personales efectuados por parte de nuestra organizaci\u00f3n.<\/p>\n\n\n\n<ol class=\"wp-block-list\" type=\"1\"><li>Responsable del Tratamiento<br><br>Pratgir Reciclatges, S.L., con CIF: B64858541. Usted puede ponerse en contacto con nosotros, de forma efectiva, por correo postal a nuestra sede social: Polonia, 3, 08520 \u2013 Les Franqueses del Vall\u00e8s. As\u00ed, usted puede obtener informaci\u00f3n adicional sobre los tratamientos que hacemos, enviando un correo electr\u00f3nico a la direcci\u00f3n pratgir@pratgir.com.<br><\/li><li>Relaci\u00f3n de actividades de tratamiento de datos personales llevados a cabo por nuestra organizaci\u00f3n <br><br>Nuestra organizaci\u00f3n trata diferentes los datos personales de los interesados, con distintas finalidades. A continuaci\u00f3n, se describen los diferentes tratamientos efectuados, en su finalidad, la base que legitima cada tratamiento, las cesiones previstas a terceros, y los periodos de conservaci\u00f3n de la informaci\u00f3n:<br><ol><li>Atenci\u00f3n de comentarios y consultes que haga llegar a nuestra organizaci\u00f3n.<ul><li>Origen de los datos: facilitados por el mismo interesado, mediante formularios habilitados a tal efecto en el website, o informaci\u00f3n transmitida a la organizaci\u00f3n por correo electr\u00f3nico o tel\u00e9fono.<\/li><li>Finalidad del tratamiento: gestionar los comentarios y consultes que el interesados haga llegar a nuestra organizaci\u00f3n.<\/li><li>Base que legitima el tratamiento: inter\u00e9s leg\u00edtimo de nuestra organizaci\u00f3n  (el tratamiento es necesario para la ejecuci\u00f3n de un contrato en el cual el interesado es parte o para la aplicaci\u00f3n a petici\u00f3n de \u00e9ste de medidas precontractuales), y consentimiento expr\u00e9s del interesado para aquellos casos en los que as\u00ed se le solicite.<\/li><li>Cesiones de datos a terceros: no se contemplan cesiones de la informaci\u00f3n facilitada a terceros que sean ajenos a nuestra organizaci\u00f3n.<\/li><li>Per\u00edodo de conservaci\u00f3n de los datos: inferior a seis meses, salvo que de su solicitud se derive una actuaci\u00f3n que requiera, por motivos legales conservarla durante un periodo m\u00e1s largo de tiempo.<br><\/li><\/ul><\/li><li>Recibir comunicaciones de novedades y informaci\u00f3n comercial de productos y Servicios ofrecidos, en el caso de que el usuario lo haya autorizado expresamente.<ul><li>Origen de los datos: facilitados por el mismo interesado, mediante formularios habilitados a tal efecto en el website.<\/li><li>Finalidad del tratamiento: envi\u00f3 de novedades y informaci\u00f3n comercial de productos y Servicios ofrecidos, en el caso de que el usuario lo haga autorizado expresamente.<\/li><li>Base que legitima el tratamiento: consentimiento expr\u00e9s del interesado para aquellos casos de \u00e9xito donde as\u00ed se le solicite.<\/li><li>Cesi\u00f3n de datos a terceros: no se contemplan cesiones de la informaci\u00f3n facilitada a terceros que sean ajenos a nuestra organizaci\u00f3n.<\/li><li>Per\u00edodo de conservaci\u00f3n de los datos: inferior a seis meses, salvo que de su solicitud se derive una actuaci\u00f3n que requiera, por motivos legales conservarla durante un periodo m\u00e1s largo de tiempo.<\/li><\/ul><\/li><\/ol><\/li><\/ol>\n\n\n\n<div style=\"height:40px\" aria-hidden=\"true\" class=\"wp-block-spacer\"><\/div>\n\n\n\n<h3 class=\"wp-block-heading\"><strong>Derechos<\/strong> de Protecci\u00f3n de datos:<\/h3>\n\n\n\n<p>El interesado, en relaci\u00f3n a los datos que son tratados por Pratgir Reciclatges, tiene la posibilidad de ejercer de forma libre y gratuita los siguientes derechos:<\/p>\n\n\n\n<ul class=\"wp-block-list\"><li>Acceder a sus datos personales.<\/li><li>Rectificar sus datos personales cuando sean exactos e incompletos.<\/li><li>Suprimir los datos personales cuando no sean necesarios para las finalidades para las que fueron recogidos, entre otros motivos.<\/li><li>Limitar el tratamiento por parte de Pratgir Reciclatges de todos o parte de sus datos personales en las circunstancias que determina la ley.<\/li><li>Oponerse a determinados tratamientos en las circunstancias y por motivos relacionados por su situaci\u00f3n particular.<\/li><li>Solicitar la portabilidad de sus datos personales en un formato interoperable y autosuficiente.<\/li><li>Retirar, en cualquier momento, los consentimientos otorgados previamente.<\/li><\/ul>\n\n\n\n<p>Para el ejercicio de estos derechos pueden dirigirse por escrito a Pratgir Reciclatges, acreditando debidamente su identidad, por cualquiera de estos canales:<\/p>\n\n\n\n<ul class=\"wp-block-list\"><li>Correo electr\u00f3nico: <a href=\"mailto:pratgir@pratgir.com\">pratgir@pratgir.com<\/a><\/li><li>Correo postal: Calle Polonia, 3, 08520 \u2013 Les Franqueses del Vall\u00e8s, con la referencia \u201cProtecci\u00f3n de Datos\u201d.<\/li><\/ul>\n\n\n\n<p>En caso de disconformidad con su respuesta obtenida, podr\u00e1 dirigirse a la Agencia Espa\u00f1ola de Protecci\u00f3n de Datos a trav\u00e9s de su web&nbsp;<a href=\"http:\/\/www.aepd.es\/\">www.aepd.es.<\/a><\/p>\n","protected":false},"excerpt":{"rendered":"<p>Pratgir Reciclatges, S.L., como Responsable del Tratamiento, con CIF: B64858541, y como responsable de la web Pratgir Reciclatges, le informa en virtud de la legislaci\u00f3n [&hellip;]<\/p>\n","protected":false},"author":2,"featured_media":0,"parent":0,"menu_order":0,"comment_status":"closed","ping_status":"open","template":"","meta":{"site-sidebar-layout":"default","site-content-layout":"plain-container","ast-site-content-layout":"","site-content-style":"default","site-sidebar-style":"default","ast-global-header-display":"","ast-banner-title-visibility":"","ast-main-header-display":"","ast-hfb-above-header-display":"","ast-hfb-below-header-display":"","ast-hfb-mobile-header-display":"","site-post-title":"disabled","ast-breadcrumbs-content":"","ast-featured-img":"disabled","footer-sml-layout":"","theme-transparent-header-meta":"","adv-header-id-meta":"","stick-header-meta":"","header-above-stick-meta":"","header-main-stick-meta":"","header-below-stick-meta":"","astra-migrate-meta-layouts":"default","ast-page-background-enabled":"default","ast-page-background-meta":{"desktop":{"background-color":"","background-image":"","background-repeat":"repeat","background-position":"center center","background-size":"auto","background-attachment":"scroll","background-type":"","background-media":"","overlay-type":"","overlay-color":"","overlay-opacity":"","overlay-gradient":""},"tablet":{"background-color":"","background-image":"","background-repeat":"repeat","background-position":"center center","background-size":"auto","background-attachment":"scroll","background-type":"","background-media":"","overlay-type":"","overlay-color":"","overlay-opacity":"","overlay-gradient":""},"mobile":{"background-color":"","background-image":"","background-repeat":"repeat","background-position":"center center","background-size":"auto","background-attachment":"scroll","background-type":"","background-media":"","overlay-type":"","overlay-color":"","overlay-opacity":"","overlay-gradient":""}},"ast-content-background-meta":{"desktop":{"background-color":"var(--ast-global-color-5)","background-image":"","background-repeat":"repeat","background-position":"center center","background-size":"auto","background-attachment":"scroll","background-type":"","background-media":"","overlay-type":"","overlay-color":"","overlay-opacity":"","overlay-gradient":""},"tablet":{"background-color":"var(--ast-global-color-5)","background-image":"","background-repeat":"repeat","background-position":"center center","background-size":"auto","background-attachment":"scroll","background-type":"","background-media":"","overlay-type":"","overlay-color":"","overlay-opacity":"","overlay-gradient":""},"mobile":{"background-color":"var(--ast-global-color-5)","background-image":"","background-repeat":"repeat","background-position":"center center","background-size":"auto","background-attachment":"scroll","background-type":"","background-media":"","overlay-type":"","overlay-color":"","overlay-opacity":"","overlay-gradient":""}},"footnotes":""},"class_list":["post-1816","page","type-page","status-publish","hentry"],"_links":{"self":[{"href":"https:\/\/www.pratgir.com\/es\/wp-json\/wp\/v2\/pages\/1816","targetHints":{"allow":["GET"]}}],"collection":[{"href":"https:\/\/www.pratgir.com\/es\/wp-json\/wp\/v2\/pages"}],"about":[{"href":"https:\/\/www.pratgir.com\/es\/wp-json\/wp\/v2\/types\/page"}],"author":[{"embeddable":true,"href":"https:\/\/www.pratgir.com\/es\/wp-json\/wp\/v2\/users\/2"}],"replies":[{"embeddable":true,"href":"https:\/\/www.pratgir.com\/es\/wp-json\/wp\/v2\/comments?post=1816"}],"version-history":[{"count":9,"href":"https:\/\/www.pratgir.com\/es\/wp-json\/wp\/v2\/pages\/1816\/revisions"}],"predecessor-version":[{"id":1910,"href":"https:\/\/www.pratgir.com\/es\/wp-json\/wp\/v2\/pages\/1816\/revisions\/1910"}],"wp:attachment":[{"href":"https:\/\/www.pratgir.com\/es\/wp-json\/wp\/v2\/media?parent=1816"}],"curies":[{"name":"wp","href":"https:\/\/api.w.org\/{rel}","templated":true}]}}