{"id":1830,"date":"2022-03-16T11:58:18","date_gmt":"2022-03-16T10:58:18","guid":{"rendered":"https:\/\/pratgir.clubdeplantillas.com\/politica-de-cookies\/"},"modified":"2022-05-03T21:35:04","modified_gmt":"2022-05-03T19:35:04","slug":"politica-de-cookies","status":"publish","type":"page","link":"https:\/\/www.pratgir.com\/es\/politica-de-cookies\/","title":{"rendered":"Pol\u00edtica de cookies"},"content":{"rendered":"\n<div class=\"wp-block-cover alignfull capcalera\" style=\"min-height:300px;aspect-ratio:unset;\"><span aria-hidden=\"true\" class=\"has-ast-global-color-0-background-color has-background-dim-70 wp-block-cover__gradient-background has-background-dim\"><\/span><img loading=\"lazy\" decoding=\"async\" width=\"1280\" height=\"960\" class=\"wp-block-cover__image-background wp-image-804\" alt=\"\" src=\"https:\/\/www.pratgir.com\/wp-content\/uploads\/2022\/03\/pratgir-empresa.jpg\" style=\"object-position:49% 63%\" data-object-fit=\"cover\" data-object-position=\"49% 63%\" srcset=\"https:\/\/www.pratgir.com\/wp-content\/uploads\/2022\/03\/pratgir-empresa.jpg 1280w, https:\/\/www.pratgir.com\/wp-content\/uploads\/2022\/03\/pratgir-empresa-300x225.jpg 300w, https:\/\/www.pratgir.com\/wp-content\/uploads\/2022\/03\/pratgir-empresa-1024x768.jpg 1024w, https:\/\/www.pratgir.com\/wp-content\/uploads\/2022\/03\/pratgir-empresa-768x576.jpg 768w\" sizes=\"auto, (max-width: 1280px) 100vw, 1280px\" \/><div class=\"wp-block-cover__inner-container is-layout-flow wp-block-cover-is-layout-flow\">\n<h1 class=\"has-text-align-center has-white-color has-text-color wp-block-heading\">Pol\u00edtica de <strong>cookies<\/strong><\/h1>\n<\/div><\/div>\n\n\n\n<h3 class=\"wp-block-heading\"><strong>Definici\u00f3n y funci\u00f3n<\/strong> de las cookies<\/h3>\n\n\n\n<p>Una cookie es un fichero que se descarga en su ordenador en acceder a determinadas p\u00e1ginas web. Las cookies permiten a una p\u00e1gina web, entre otras cosas, almacenar y recuperar informaci\u00f3n sobre los h\u00e1bitos de navegaci\u00f3n de un usuario o de su equipo, y dependiendo de lo que contengan y de la forma que haga servir su equipo, pueden utilizarse para reconocer al usuario.<\/p>\n\n\n\n<div style=\"height:40px\" aria-hidden=\"true\" class=\"wp-block-spacer\"><\/div>\n\n\n\n<h3 class=\"wp-block-heading\"><strong>Tipos de cookies<\/strong> que hace servir esta p\u00e1gina web<\/h3>\n\n\n\n<ul class=\"wp-block-list\"><li><strong>Cookies t\u00e9cnicas:<\/strong>&nbsp;son aquellas que permiten al usuario la navegaci\u00f3n a trav\u00e9s de la p\u00e1gina web, y la utilizaci\u00f3n de las distintas opciones y servicios.<\/li><li><strong>Cookies de an\u00e1lisis:<\/strong>&nbsp;son aquellas que bien tratadas por nosotros o por terceros, nos permiten cuantificar el n\u00famero de usuarios y as\u00ed hacer la medici\u00f3n y an\u00e1lisis estad\u00edstico de la utilizaci\u00f3n que hacen los usuarios del servicio ofrecido. Para este hecho, se analiza la navegaci\u00f3n en nuestra p\u00e1gina web con la finalidad de mejorar la disposici\u00f3n de enlaces, los contenidos publicados, y nuestra oferta de servicios.<\/li><\/ul>\n\n\n\n<p>Si clica los enlaces de acceso a nuestras cuentas en las redes sociales, se abrir\u00e1 una nueva ventana donde podr\u00e1 acceder a la informaci\u00f3n publicada por nosotros en las redes sociales. Cada red social instalar\u00e1 una cookie, las cuales no son gestionadas por nosotros.<\/p>\n\n\n\n<div style=\"height:40px\" aria-hidden=\"true\" class=\"wp-block-spacer\"><\/div>\n\n\n\n<h3 class=\"wp-block-heading\"><strong>\u00bfQui\u00e9n hace servir la informaci\u00f3n recogida<\/strong> por las cookies?<\/h3>\n\n\n\n<p>Las cookies de an\u00e1lisis son instaladas por parte del servicio de Google Analytics, proporcionado por la sociedad Google Inc., con sede a 1600 Amphitheatre Parkway Mountain View, CA 94043 (Estados Unidos de Am\u00e9rica). La informaci\u00f3n recogida sirve para incorporar la informaci\u00f3n a la herramienta de an\u00e1lisis del comportamiento de los usuarios en la navegaci\u00f3n por el website, y en si misma, no contiene ning\u00fan dato personal.<\/p>\n\n\n\n<div style=\"height:40px\" aria-hidden=\"true\" class=\"wp-block-spacer\"><\/div>\n\n\n\n<h3 class=\"wp-block-heading\"><strong>\u00bfComo desactivar o eliminar las cookies<\/strong> que hace servir el website?<\/h3>\n\n\n\n<p>Usted puede permitir, bloquear o eliminar las cookies instaladas en su equipo mediante la configuraci\u00f3n de las opciones del navegador instalado en su ordenador.<\/p>\n\n\n\n<p>A continuaci\u00f3n, se adjunta la informaci\u00f3n sobre como desactivar o eliminar las cookies anunciadas se adjunta la informaci\u00f3n sobre como desactivar o eliminar las cookies anunciadas en los navegadores web m\u00e1s usuales:<\/p>\n\n\n\n<ul class=\"wp-block-list\"><li>Internet Explorer: Herramientas -&gt; Opciones de Internet -&gt; Privacidad -&gt; Configuraci\u00f3n.<br>Para m\u00e1s informaci\u00f3n, puede consultar el soporte de Microsoft o el men\u00fa de ayuda del navegador.<\/li><li>Firefox: Herramientas -&gt; Opciones -&gt; Privacidad -&gt; Historial -&gt; Configuraci\u00f3n Personalizada.<br>Para m\u00e1s informaci\u00f3n, puede consultar el soporte de Mozilla o el men\u00fa de ayuda del navegador.<\/li><li>Chrome: Configuraci\u00f3n -&gt; Mostrar opciones avanzadas -&gt; Privacidad -&gt; Configuraci\u00f3n de contenido.<br>Para m\u00e1s informaci\u00f3n, puede consultar el soporte de Google o el men\u00fa de ayuda del navegador.<\/li><li>Safari: Preferencias -&gt; Seguridad.<br>Para m\u00e1s informaci\u00f3n, puede consultar el soporte de Apple o el men\u00fa de ayuda del navegador.<\/li><\/ul>\n","protected":false},"excerpt":{"rendered":"<p>Definici\u00f3n y funci\u00f3n de las cookies Una cookie es un fichero que se descarga en su ordenador en acceder a determinadas p\u00e1ginas web. Las cookies [&hellip;]<\/p>\n","protected":false},"author":2,"featured_media":0,"parent":0,"menu_order":0,"comment_status":"closed","ping_status":"closed","template":"","meta":{"site-sidebar-layout":"no-sidebar","site-content-layout":"plain-container","ast-site-content-layout":"","site-content-style":"default","site-sidebar-style":"default","ast-global-header-display":"","ast-banner-title-visibility":"","ast-main-header-display":"","ast-hfb-above-header-display":"","ast-hfb-below-header-display":"","ast-hfb-mobile-header-display":"","site-post-title":"disabled","ast-breadcrumbs-content":"","ast-featured-img":"disabled","footer-sml-layout":"","theme-transparent-header-meta":"","adv-header-id-meta":"","stick-header-meta":"","header-above-stick-meta":"","header-main-stick-meta":"","header-below-stick-meta":"","astra-migrate-meta-layouts":"default","ast-page-background-enabled":"default","ast-page-background-meta":{"desktop":{"background-color":"","background-image":"","background-repeat":"repeat","background-position":"center center","background-size":"auto","background-attachment":"scroll","background-type":"","background-media":"","overlay-type":"","overlay-color":"","overlay-opacity":"","overlay-gradient":""},"tablet":{"background-color":"","background-image":"","background-repeat":"repeat","background-position":"center center","background-size":"auto","background-attachment":"scroll","background-type":"","background-media":"","overlay-type":"","overlay-color":"","overlay-opacity":"","overlay-gradient":""},"mobile":{"background-color":"","background-image":"","background-repeat":"repeat","background-position":"center center","background-size":"auto","background-attachment":"scroll","background-type":"","background-media":"","overlay-type":"","overlay-color":"","overlay-opacity":"","overlay-gradient":""}},"ast-content-background-meta":{"desktop":{"background-color":"var(--ast-global-color-5)","background-image":"","background-repeat":"repeat","background-position":"center center","background-size":"auto","background-attachment":"scroll","background-type":"","background-media":"","overlay-type":"","overlay-color":"","overlay-opacity":"","overlay-gradient":""},"tablet":{"background-color":"var(--ast-global-color-5)","background-image":"","background-repeat":"repeat","background-position":"center center","background-size":"auto","background-attachment":"scroll","background-type":"","background-media":"","overlay-type":"","overlay-color":"","overlay-opacity":"","overlay-gradient":""},"mobile":{"background-color":"var(--ast-global-color-5)","background-image":"","background-repeat":"repeat","background-position":"center center","background-size":"auto","background-attachment":"scroll","background-type":"","background-media":"","overlay-type":"","overlay-color":"","overlay-opacity":"","overlay-gradient":""}},"footnotes":""},"class_list":["post-1830","page","type-page","status-publish","hentry"],"_links":{"self":[{"href":"https:\/\/www.pratgir.com\/es\/wp-json\/wp\/v2\/pages\/1830","targetHints":{"allow":["GET"]}}],"collection":[{"href":"https:\/\/www.pratgir.com\/es\/wp-json\/wp\/v2\/pages"}],"about":[{"href":"https:\/\/www.pratgir.com\/es\/wp-json\/wp\/v2\/types\/page"}],"author":[{"embeddable":true,"href":"https:\/\/www.pratgir.com\/es\/wp-json\/wp\/v2\/users\/2"}],"replies":[{"embeddable":true,"href":"https:\/\/www.pratgir.com\/es\/wp-json\/wp\/v2\/comments?post=1830"}],"version-history":[{"count":3,"href":"https:\/\/www.pratgir.com\/es\/wp-json\/wp\/v2\/pages\/1830\/revisions"}],"predecessor-version":[{"id":1835,"href":"https:\/\/www.pratgir.com\/es\/wp-json\/wp\/v2\/pages\/1830\/revisions\/1835"}],"wp:attachment":[{"href":"https:\/\/www.pratgir.com\/es\/wp-json\/wp\/v2\/media?parent=1830"}],"curies":[{"name":"wp","href":"https:\/\/api.w.org\/{rel}","templated":true}]}}