{"id":1836,"date":"2020-05-12T03:43:04","date_gmt":"2020-05-12T01:43:04","guid":{"rendered":"https:\/\/pratgir.clubdeplantillas.com\/qui-som\/"},"modified":"2022-05-13T20:12:17","modified_gmt":"2022-05-13T18:12:17","slug":"quienes-somos","status":"publish","type":"page","link":"https:\/\/www.pratgir.com\/es\/quienes-somos\/","title":{"rendered":"Qui\u00e9nes somos"},"content":{"rendered":"\n<div class=\"wp-block-cover alignfull is-light capcalera\" style=\"min-height:300px;aspect-ratio:unset;\"><span aria-hidden=\"true\" class=\"has-ast-global-color-1-background-color has-background-dim-0 wp-block-cover__gradient-background has-background-dim\"><\/span><img loading=\"lazy\" decoding=\"async\" width=\"2000\" height=\"600\" class=\"wp-block-cover__image-background wp-image-1611\" alt=\"\" src=\"https:\/\/www.pratgir.com\/wp-content\/uploads\/2022\/04\/qui-som-pratgir.jpg\" data-object-fit=\"cover\" srcset=\"https:\/\/www.pratgir.com\/wp-content\/uploads\/2022\/04\/qui-som-pratgir.jpg 2000w, https:\/\/www.pratgir.com\/wp-content\/uploads\/2022\/04\/qui-som-pratgir-300x90.jpg 300w, https:\/\/www.pratgir.com\/wp-content\/uploads\/2022\/04\/qui-som-pratgir-1024x307.jpg 1024w, https:\/\/www.pratgir.com\/wp-content\/uploads\/2022\/04\/qui-som-pratgir-768x230.jpg 768w, https:\/\/www.pratgir.com\/wp-content\/uploads\/2022\/04\/qui-som-pratgir-1536x461.jpg 1536w\" sizes=\"auto, (max-width: 2000px) 100vw, 2000px\" \/><div class=\"wp-block-cover__inner-container is-layout-flow wp-block-cover-is-layout-flow\">\n<h1 class=\"has-text-align-center has-white-color has-text-color wp-block-heading\">Qui\u00e9nes <strong>somos<\/strong><\/h1>\n<\/div><\/div>\n\n\n\n<div class=\"wp-block-image perfil-foto\"><figure class=\"alignleft\"><img loading=\"lazy\" decoding=\"async\" width=\"800\" height=\"661\" src=\"https:\/\/www.pratgir.com\/wp-content\/uploads\/2022\/04\/pratgir-empresa.jpg\" alt=\"\" class=\"wp-image-1600\" srcset=\"https:\/\/www.pratgir.com\/wp-content\/uploads\/2022\/04\/pratgir-empresa.jpg 800w, https:\/\/www.pratgir.com\/wp-content\/uploads\/2022\/04\/pratgir-empresa-300x248.jpg 300w, https:\/\/www.pratgir.com\/wp-content\/uploads\/2022\/04\/pratgir-empresa-768x635.jpg 768w\" sizes=\"auto, (max-width: 800px) 100vw, 800px\" \/><\/figure><\/div>\n\n\n\n<p><strong>Pratgir Reciclatges<\/strong> es una empresa familiar con base en Les Franqueses del Vall\u00e8s. Son ya 3 generaciones de la familia Pratginest\u00f3s dedicadas al reciclaje.<\/p>\n\n\n\n<p>Nuestra actividad principal es, a d\u00eda de hoy, la trituraci\u00f3n de cableado, donde las m\u00e1s de 8000 toneladas recicladas nos convierten en una de las empresas mejor preparadas del sector.<\/p>\n\n\n\n<p>Como actividades secundarias y no menos relevantes, desarrollamos la gesti\u00f3n y <strong>reciclaje de un amplio espectro de residuos industriales<\/strong> tales como la chatarra, residuos electr\u00f3nicos, pl\u00e1sticos, etc.\u2026<\/p>\n\n\n\n<p>Durante este 2022 incorporaremos a nuestro porfolio de residuos reciclados, las <strong>bater\u00edas de Li-Ion y Ni-Mh<\/strong>, dando un salto cualitativo a nuestra actividad incorporando el reciclaje qu\u00edmico, obteniendo los materiales\/minerales que las componen y pasando a ser la primera empresa que lo hace de todo el territorio espa\u00f1ol.<\/p>\n\n\n\n<p>Sea cual sea el residuo a reciclar, <strong>nos esforzamos d\u00eda tras d\u00eda<\/strong> para llevar a cabo este reciclaje de la forma m\u00e1s eficiente y medioambientalmente respetuosa posible, teniendo siempre en cuenta los \u00faltimos avances en tecnolog\u00eda, t\u00e9cnicas y procesos.<\/p>\n\n\n\n<h4 class=\"wp-block-heading\"><strong>Aportamos soluciones<\/strong> priorizando un buen servicio y la plena satisfacci\u00f3n de los clientes. Con nosotros encontrar\u00e1 un socio de <strong>confianza<\/strong>.<\/h4>\n\n\n\n<div style=\"height:40px\" aria-hidden=\"true\" class=\"wp-block-spacer\"><\/div>\n\n\n\n<figure class=\"wp-block-image alignfull size-large\"><img loading=\"lazy\" decoding=\"async\" width=\"1024\" height=\"537\" src=\"https:\/\/www.pratgir.com\/wp-content\/uploads\/2022\/04\/pratgir-exterior-1024x537.jpg\" alt=\"\" class=\"wp-image-1603\" srcset=\"https:\/\/www.pratgir.com\/wp-content\/uploads\/2022\/04\/pratgir-exterior-1024x537.jpg 1024w, https:\/\/www.pratgir.com\/wp-content\/uploads\/2022\/04\/pratgir-exterior-300x157.jpg 300w, https:\/\/www.pratgir.com\/wp-content\/uploads\/2022\/04\/pratgir-exterior-768x403.jpg 768w, https:\/\/www.pratgir.com\/wp-content\/uploads\/2022\/04\/pratgir-exterior-1536x806.jpg 1536w, https:\/\/www.pratgir.com\/wp-content\/uploads\/2022\/04\/pratgir-exterior.jpg 2000w\" sizes=\"auto, (max-width: 1024px) 100vw, 1024px\" \/><\/figure>\n","protected":false},"excerpt":{"rendered":"<p>Pratgir Reciclatges es una empresa familiar con base en Les Franqueses del Vall\u00e8s. Son ya 3 generaciones de la familia Pratginest\u00f3s dedicadas al reciclaje. Nuestra [&hellip;]<\/p>\n","protected":false},"author":2,"featured_media":0,"parent":0,"menu_order":0,"comment_status":"closed","ping_status":"closed","template":"","meta":{"site-sidebar-layout":"no-sidebar","site-content-layout":"plain-container","ast-site-content-layout":"","site-content-style":"default","site-sidebar-style":"default","ast-global-header-display":"","ast-banner-title-visibility":"","ast-main-header-display":"","ast-hfb-above-header-display":"","ast-hfb-below-header-display":"","ast-hfb-mobile-header-display":"","site-post-title":"disabled","ast-breadcrumbs-content":"","ast-featured-img":"disabled","footer-sml-layout":"","theme-transparent-header-meta":"default","adv-header-id-meta":"","stick-header-meta":"","header-above-stick-meta":"","header-main-stick-meta":"","header-below-stick-meta":"","astra-migrate-meta-layouts":"default","ast-page-background-enabled":"default","ast-page-background-meta":{"desktop":{"background-color":"","background-image":"","background-repeat":"repeat","background-position":"center center","background-size":"auto","background-attachment":"scroll","background-type":"","background-media":"","overlay-type":"","overlay-color":"","overlay-opacity":"","overlay-gradient":""},"tablet":{"background-color":"","background-image":"","background-repeat":"repeat","background-position":"center center","background-size":"auto","background-attachment":"scroll","background-type":"","background-media":"","overlay-type":"","overlay-color":"","overlay-opacity":"","overlay-gradient":""},"mobile":{"background-color":"","background-image":"","background-repeat":"repeat","background-position":"center center","background-size":"auto","background-attachment":"scroll","background-type":"","background-media":"","overlay-type":"","overlay-color":"","overlay-opacity":"","overlay-gradient":""}},"ast-content-background-meta":{"desktop":{"background-color":"var(--ast-global-color-5)","background-image":"","background-repeat":"repeat","background-position":"center center","background-size":"auto","background-attachment":"scroll","background-type":"","background-media":"","overlay-type":"","overlay-color":"","overlay-opacity":"","overlay-gradient":""},"tablet":{"background-color":"var(--ast-global-color-5)","background-image":"","background-repeat":"repeat","background-position":"center center","background-size":"auto","background-attachment":"scroll","background-type":"","background-media":"","overlay-type":"","overlay-color":"","overlay-opacity":"","overlay-gradient":""},"mobile":{"background-color":"var(--ast-global-color-5)","background-image":"","background-repeat":"repeat","background-position":"center center","background-size":"auto","background-attachment":"scroll","background-type":"","background-media":"","overlay-type":"","overlay-color":"","overlay-opacity":"","overlay-gradient":""}},"footnotes":""},"class_list":["post-1836","page","type-page","status-publish","hentry"],"_links":{"self":[{"href":"https:\/\/www.pratgir.com\/es\/wp-json\/wp\/v2\/pages\/1836","targetHints":{"allow":["GET"]}}],"collection":[{"href":"https:\/\/www.pratgir.com\/es\/wp-json\/wp\/v2\/pages"}],"about":[{"href":"https:\/\/www.pratgir.com\/es\/wp-json\/wp\/v2\/types\/page"}],"author":[{"embeddable":true,"href":"https:\/\/www.pratgir.com\/es\/wp-json\/wp\/v2\/users\/2"}],"replies":[{"embeddable":true,"href":"https:\/\/www.pratgir.com\/es\/wp-json\/wp\/v2\/comments?post=1836"}],"version-history":[{"count":6,"href":"https:\/\/www.pratgir.com\/es\/wp-json\/wp\/v2\/pages\/1836\/revisions"}],"predecessor-version":[{"id":2090,"href":"https:\/\/www.pratgir.com\/es\/wp-json\/wp\/v2\/pages\/1836\/revisions\/2090"}],"wp:attachment":[{"href":"https:\/\/www.pratgir.com\/es\/wp-json\/wp\/v2\/media?parent=1836"}],"curies":[{"name":"wp","href":"https:\/\/api.w.org\/{rel}","templated":true}]}}