{"id":1846,"date":"2022-03-16T16:38:02","date_gmt":"2022-03-16T15:38:02","guid":{"rendered":"https:\/\/pratgir.clubdeplantillas.com\/reciclatge-de-piles-i-bateries\/"},"modified":"2022-05-13T20:18:24","modified_gmt":"2022-05-13T18:18:24","slug":"reciclaje-de-pilas-y-baterias","status":"publish","type":"page","link":"https:\/\/www.pratgir.com\/es\/reciclaje-de-pilas-y-baterias\/","title":{"rendered":"Reciclaje de pilas y bater\u00edas"},"content":{"rendered":"\n<div class=\"wp-block-cover alignfull capcalera\" style=\"min-height:300px;aspect-ratio:unset;\"><span aria-hidden=\"true\" class=\"has-ast-global-color-1-background-color has-background-dim-0 wp-block-cover__gradient-background has-background-dim\"><\/span><img loading=\"lazy\" decoding=\"async\" width=\"2000\" height=\"600\" class=\"wp-block-cover__image-background wp-image-1618\" alt=\"\" src=\"https:\/\/www.pratgir.com\/wp-content\/uploads\/2022\/04\/reciclatge-piles-bateries_cap.jpg\" data-object-fit=\"cover\" srcset=\"https:\/\/www.pratgir.com\/wp-content\/uploads\/2022\/04\/reciclatge-piles-bateries_cap.jpg 2000w, https:\/\/www.pratgir.com\/wp-content\/uploads\/2022\/04\/reciclatge-piles-bateries_cap-300x90.jpg 300w, https:\/\/www.pratgir.com\/wp-content\/uploads\/2022\/04\/reciclatge-piles-bateries_cap-1024x307.jpg 1024w, https:\/\/www.pratgir.com\/wp-content\/uploads\/2022\/04\/reciclatge-piles-bateries_cap-768x230.jpg 768w, https:\/\/www.pratgir.com\/wp-content\/uploads\/2022\/04\/reciclatge-piles-bateries_cap-1536x461.jpg 1536w\" sizes=\"auto, (max-width: 2000px) 100vw, 2000px\" \/><div class=\"wp-block-cover__inner-container is-layout-flow wp-block-cover-is-layout-flow\">\n<h1 class=\"has-text-align-center has-white-color has-text-color wp-block-heading\">Reciclaje de <strong>pilas<\/strong> y <strong>bater\u00edas<\/strong><\/h1>\n<\/div><\/div>\n\n\n\n<div class=\"wp-block-image perfil-foto color-1\"><figure class=\"alignleft\"><img loading=\"lazy\" decoding=\"async\" width=\"800\" height=\"727\" src=\"https:\/\/www.pratgir.com\/wp-content\/uploads\/2022\/04\/recuperacio-piles-bateries.jpg\" alt=\"\" class=\"wp-image-1631\" srcset=\"https:\/\/www.pratgir.com\/wp-content\/uploads\/2022\/04\/recuperacio-piles-bateries.jpg 800w, https:\/\/www.pratgir.com\/wp-content\/uploads\/2022\/04\/recuperacio-piles-bateries-300x273.jpg 300w, https:\/\/www.pratgir.com\/wp-content\/uploads\/2022\/04\/recuperacio-piles-bateries-768x698.jpg 768w\" sizes=\"auto, (max-width: 800px) 100vw, 800px\" \/><\/figure><\/div>\n\n\n\n<p><strong>Pratgir<\/strong>, constantemente comprometida con el medioambiente, es la primera empresa gestora de residuos de pilas, bater\u00edas y acumuladores de Li-Ion y Ni-Mh del estado espa\u00f1ol que realiza la <strong>recuperaci\u00f3n qu\u00edmica de los materiales (N\u00edquel, Cobalto, Cobre, Litio, Grafito, Manganeso, etc.\u2026)<\/strong> de esta tipolog\u00eda de residuos, teniendo siempre en cuenta los \u00faltimos avances en tecnolog\u00eda, t\u00e9cnicas y procesos.<\/p>\n\n\n\n<p>Realizamos este reciclaje de una forma eficiente, sin contaminar, generando el m\u00ednimo CO2 y residuos posibles y superando con creces, los valores exigibles en las \u00faltimas directivas europeas y legislaci\u00f3n ambiental.<\/p>\n\n\n\n<p>A m\u00e1s a m\u00e1s de los metales y pl\u00e1sticos obtenidos en la fase de recuperaci\u00f3n f\u00edsica, <strong>la recuperaci\u00f3n qu\u00edmica es precisamente la que nos diferencia de otros gestores<\/strong>. <\/p>\n\n\n\n<p>Nuestras aspiraciones son, en primer lugar, posicionarnos como <strong>referentes en la industria<\/strong> y desarrollar esta nueva actividad con la m\u00e1xima eficiencia posible, priorizando el buen trabajo y el buen servicio, pudiendo servir un buen producto final directamente a la industria, cerrando el c\u00edrculo de <strong>la econom\u00eda circular<\/strong>.<\/p>\n\n\n\n<div style=\"height:60px\" aria-hidden=\"true\" class=\"wp-block-spacer\"><\/div>\n\n\n\n<div class=\"inherit-container-width wp-block-group alignfull galeria has-background is-layout-constrained wp-block-group-is-layout-constrained\" style=\"background-color:#dddddd\">\n<figure class=\"wp-block-gallery has-nested-images columns-3 is-cropped wp-block-gallery-1 is-layout-flex wp-block-gallery-is-layout-flex\">\n<figure class=\"wp-block-image size-large\"><img loading=\"lazy\" decoding=\"async\" width=\"800\" height=\"600\" data-id=\"1712\" src=\"https:\/\/www.pratgir.com\/wp-content\/uploads\/2022\/04\/bateries-6.jpg\" alt=\"\" class=\"wp-image-1712\" srcset=\"https:\/\/www.pratgir.com\/wp-content\/uploads\/2022\/04\/bateries-6.jpg 800w, https:\/\/www.pratgir.com\/wp-content\/uploads\/2022\/04\/bateries-6-300x225.jpg 300w, https:\/\/www.pratgir.com\/wp-content\/uploads\/2022\/04\/bateries-6-768x576.jpg 768w\" sizes=\"auto, (max-width: 800px) 100vw, 800px\" \/><figcaption>Carbonato de cobalto<\/figcaption><\/figure>\n\n\n\n<figure class=\"wp-block-image size-large\"><img loading=\"lazy\" decoding=\"async\" width=\"800\" height=\"600\" data-id=\"1709\" src=\"https:\/\/www.pratgir.com\/wp-content\/uploads\/2022\/04\/bateries-5.jpg\" alt=\"\" class=\"wp-image-1709\" srcset=\"https:\/\/www.pratgir.com\/wp-content\/uploads\/2022\/04\/bateries-5.jpg 800w, https:\/\/www.pratgir.com\/wp-content\/uploads\/2022\/04\/bateries-5-300x225.jpg 300w, https:\/\/www.pratgir.com\/wp-content\/uploads\/2022\/04\/bateries-5-768x576.jpg 768w\" sizes=\"auto, (max-width: 800px) 100vw, 800px\" \/><figcaption>Carb\u00f3n alto en grafeno<\/figcaption><\/figure>\n\n\n\n<figure class=\"wp-block-image size-large\"><img loading=\"lazy\" decoding=\"async\" width=\"800\" height=\"600\" data-id=\"1715\" src=\"https:\/\/www.pratgir.com\/wp-content\/uploads\/2022\/04\/bateries-7.jpg\" alt=\"\" class=\"wp-image-1715\" srcset=\"https:\/\/www.pratgir.com\/wp-content\/uploads\/2022\/04\/bateries-7.jpg 800w, https:\/\/www.pratgir.com\/wp-content\/uploads\/2022\/04\/bateries-7-300x225.jpg 300w, https:\/\/www.pratgir.com\/wp-content\/uploads\/2022\/04\/bateries-7-768x576.jpg 768w\" sizes=\"auto, (max-width: 800px) 100vw, 800px\" \/><figcaption>Sulfato de cobalto heptahidratado<\/figcaption><\/figure>\n\n\n\n<figure class=\"wp-block-image size-large\"><img loading=\"lazy\" decoding=\"async\" width=\"800\" height=\"600\" data-id=\"1700\" src=\"https:\/\/www.pratgir.com\/wp-content\/uploads\/2022\/04\/bateries-2.jpg\" alt=\"\" class=\"wp-image-1700\" srcset=\"https:\/\/www.pratgir.com\/wp-content\/uploads\/2022\/04\/bateries-2.jpg 800w, https:\/\/www.pratgir.com\/wp-content\/uploads\/2022\/04\/bateries-2-300x225.jpg 300w, https:\/\/www.pratgir.com\/wp-content\/uploads\/2022\/04\/bateries-2-768x576.jpg 768w\" sizes=\"auto, (max-width: 800px) 100vw, 800px\" \/><figcaption>Sulfato de cobre<\/figcaption><\/figure>\n\n\n\n<figure class=\"wp-block-image size-large\"><img loading=\"lazy\" decoding=\"async\" width=\"800\" height=\"600\" data-id=\"1703\" src=\"https:\/\/www.pratgir.com\/wp-content\/uploads\/2022\/04\/bateries-3.jpg\" alt=\"\" class=\"wp-image-1703\" srcset=\"https:\/\/www.pratgir.com\/wp-content\/uploads\/2022\/04\/bateries-3.jpg 800w, https:\/\/www.pratgir.com\/wp-content\/uploads\/2022\/04\/bateries-3-300x225.jpg 300w, https:\/\/www.pratgir.com\/wp-content\/uploads\/2022\/04\/bateries-3-768x576.jpg 768w\" sizes=\"auto, (max-width: 800px) 100vw, 800px\" \/><figcaption>Sulfato de n\u00edquel<\/figcaption><\/figure>\n\n\n\n<figure class=\"wp-block-image size-large\"><img loading=\"lazy\" decoding=\"async\" width=\"800\" height=\"600\" data-id=\"1706\" src=\"https:\/\/www.pratgir.com\/wp-content\/uploads\/2022\/04\/bateries-4.jpg\" alt=\"\" class=\"wp-image-1706\" srcset=\"https:\/\/www.pratgir.com\/wp-content\/uploads\/2022\/04\/bateries-4.jpg 800w, https:\/\/www.pratgir.com\/wp-content\/uploads\/2022\/04\/bateries-4-300x225.jpg 300w, https:\/\/www.pratgir.com\/wp-content\/uploads\/2022\/04\/bateries-4-768x576.jpg 768w\" sizes=\"auto, (max-width: 800px) 100vw, 800px\" \/><figcaption>Sulfato de cobalto monohidratado<\/figcaption><\/figure>\n<\/figure>\n<\/div>\n","protected":false},"excerpt":{"rendered":"<p>Pratgir, constantemente comprometida con el medioambiente, es la primera empresa gestora de residuos de pilas, bater\u00edas y acumuladores de Li-Ion y Ni-Mh del estado espa\u00f1ol [&hellip;]<\/p>\n","protected":false},"author":2,"featured_media":0,"parent":0,"menu_order":0,"comment_status":"closed","ping_status":"closed","template":"","meta":{"site-sidebar-layout":"default","site-content-layout":"plain-container","ast-site-content-layout":"","site-content-style":"default","site-sidebar-style":"default","ast-global-header-display":"","ast-banner-title-visibility":"","ast-main-header-display":"","ast-hfb-above-header-display":"","ast-hfb-below-header-display":"","ast-hfb-mobile-header-display":"","site-post-title":"disabled","ast-breadcrumbs-content":"","ast-featured-img":"disabled","footer-sml-layout":"","theme-transparent-header-meta":"","adv-header-id-meta":"","stick-header-meta":"","header-above-stick-meta":"","header-main-stick-meta":"","header-below-stick-meta":"","astra-migrate-meta-layouts":"default","ast-page-background-enabled":"default","ast-page-background-meta":{"desktop":{"background-color":"","background-image":"","background-repeat":"repeat","background-position":"center center","background-size":"auto","background-attachment":"scroll","background-type":"","background-media":"","overlay-type":"","overlay-color":"","overlay-opacity":"","overlay-gradient":""},"tablet":{"background-color":"","background-image":"","background-repeat":"repeat","background-position":"center center","background-size":"auto","background-attachment":"scroll","background-type":"","background-media":"","overlay-type":"","overlay-color":"","overlay-opacity":"","overlay-gradient":""},"mobile":{"background-color":"","background-image":"","background-repeat":"repeat","background-position":"center center","background-size":"auto","background-attachment":"scroll","background-type":"","background-media":"","overlay-type":"","overlay-color":"","overlay-opacity":"","overlay-gradient":""}},"ast-content-background-meta":{"desktop":{"background-color":"var(--ast-global-color-5)","background-image":"","background-repeat":"repeat","background-position":"center center","background-size":"auto","background-attachment":"scroll","background-type":"","background-media":"","overlay-type":"","overlay-color":"","overlay-opacity":"","overlay-gradient":""},"tablet":{"background-color":"var(--ast-global-color-5)","background-image":"","background-repeat":"repeat","background-position":"center center","background-size":"auto","background-attachment":"scroll","background-type":"","background-media":"","overlay-type":"","overlay-color":"","overlay-opacity":"","overlay-gradient":""},"mobile":{"background-color":"var(--ast-global-color-5)","background-image":"","background-repeat":"repeat","background-position":"center center","background-size":"auto","background-attachment":"scroll","background-type":"","background-media":"","overlay-type":"","overlay-color":"","overlay-opacity":"","overlay-gradient":""}},"footnotes":""},"class_list":["post-1846","page","type-page","status-publish","hentry"],"_links":{"self":[{"href":"https:\/\/www.pratgir.com\/es\/wp-json\/wp\/v2\/pages\/1846","targetHints":{"allow":["GET"]}}],"collection":[{"href":"https:\/\/www.pratgir.com\/es\/wp-json\/wp\/v2\/pages"}],"about":[{"href":"https:\/\/www.pratgir.com\/es\/wp-json\/wp\/v2\/types\/page"}],"author":[{"embeddable":true,"href":"https:\/\/www.pratgir.com\/es\/wp-json\/wp\/v2\/users\/2"}],"replies":[{"embeddable":true,"href":"https:\/\/www.pratgir.com\/es\/wp-json\/wp\/v2\/comments?post=1846"}],"version-history":[{"count":5,"href":"https:\/\/www.pratgir.com\/es\/wp-json\/wp\/v2\/pages\/1846\/revisions"}],"predecessor-version":[{"id":2094,"href":"https:\/\/www.pratgir.com\/es\/wp-json\/wp\/v2\/pages\/1846\/revisions\/2094"}],"wp:attachment":[{"href":"https:\/\/www.pratgir.com\/es\/wp-json\/wp\/v2\/media?parent=1846"}],"curies":[{"name":"wp","href":"https:\/\/api.w.org\/{rel}","templated":true}]}}