{"id":1857,"date":"2022-03-16T17:49:38","date_gmt":"2022-03-16T16:49:38","guid":{"rendered":"https:\/\/pratgir.clubdeplantillas.com\/valoritzacio-de-residus-plastics\/"},"modified":"2022-05-13T20:35:35","modified_gmt":"2022-05-13T18:35:35","slug":"valorizacion-de-residuos-plasticos","status":"publish","type":"page","link":"https:\/\/www.pratgir.com\/es\/valorizacion-de-residuos-plasticos\/","title":{"rendered":"Valorizaci\u00f3n de Residuos Pl\u00e1sticos"},"content":{"rendered":"\n<div class=\"wp-block-cover alignfull is-light capcalera\" style=\"min-height:300px;aspect-ratio:unset;\"><span aria-hidden=\"true\" class=\"has-ast-global-color-1-background-color has-background-dim-0 wp-block-cover__gradient-background has-background-dim\"><\/span><img loading=\"lazy\" decoding=\"async\" width=\"2000\" height=\"600\" class=\"wp-block-cover__image-background wp-image-1624\" alt=\"\" src=\"https:\/\/www.pratgir.com\/wp-content\/uploads\/2022\/04\/residus-plastics_cap.jpg\" data-object-fit=\"cover\" srcset=\"https:\/\/www.pratgir.com\/wp-content\/uploads\/2022\/04\/residus-plastics_cap.jpg 2000w, https:\/\/www.pratgir.com\/wp-content\/uploads\/2022\/04\/residus-plastics_cap-300x90.jpg 300w, https:\/\/www.pratgir.com\/wp-content\/uploads\/2022\/04\/residus-plastics_cap-1024x307.jpg 1024w, https:\/\/www.pratgir.com\/wp-content\/uploads\/2022\/04\/residus-plastics_cap-768x230.jpg 768w, https:\/\/www.pratgir.com\/wp-content\/uploads\/2022\/04\/residus-plastics_cap-1536x461.jpg 1536w\" sizes=\"auto, (max-width: 2000px) 100vw, 2000px\" \/><div class=\"wp-block-cover__inner-container is-layout-flow wp-block-cover-is-layout-flow\">\n<h1 class=\"has-text-align-center has-white-color has-text-color wp-block-heading\">Valorizaci\u00f3n de  <strong>Residuos Pl\u00e1sticos<\/strong><\/h1>\n<\/div><\/div>\n\n\n\n<div class=\"wp-block-image perfil-foto color-5\"><figure class=\"alignleft size-full\"><img loading=\"lazy\" decoding=\"async\" width=\"800\" height=\"727\" src=\"https:\/\/www.pratgir.com\/wp-content\/uploads\/2022\/04\/valoritzacio-residus-plastics.jpg\" alt=\"\" class=\"wp-image-1644\" srcset=\"https:\/\/www.pratgir.com\/wp-content\/uploads\/2022\/04\/valoritzacio-residus-plastics.jpg 800w, https:\/\/www.pratgir.com\/wp-content\/uploads\/2022\/04\/valoritzacio-residus-plastics-300x273.jpg 300w, https:\/\/www.pratgir.com\/wp-content\/uploads\/2022\/04\/valoritzacio-residus-plastics-768x698.jpg 768w\" sizes=\"auto, (max-width: 800px) 100vw, 800px\" \/><\/figure><\/div>\n\n\n\n<p>En <strong>Pratgir <\/strong>nos hemos planteado el reto de la <strong>revalorizaci\u00f3n del pl\u00e1stico<\/strong> para intentar contribuir al m\u00e1ximo en la preservaci\u00f3n del medioambiente.<\/p>\n\n\n\n<p>Todo producto pl\u00e1stico al final de su vida deber\u00eda de ser un recurso, por eso, potenciamos las opciones de gesti\u00f3n y de valorizaci\u00f3n de estos residuos intentando siempre hacerlos volver al inicio de la cadena productiva, cerrando as\u00ed el c\u00edrculo de <strong>la econom\u00eda circular<\/strong>.<\/p>\n\n\n\n<p>Si la composici\u00f3n de este residuo pl\u00e1stico lo permite, agotamos otras v\u00edas alternativas teles como la generaci\u00f3n de combustibles, de energ\u00eda, o colaborando con iniciativas para su uso en otros materiales.<\/p>\n\n\n\n<p>Nuestras instalaciones cuentan con <strong>maquinaria de \u00faltima tecnolog\u00eda<\/strong> capaces de separar los distintos materiales que componen las mezclas de pl\u00e1sticos, sean solo residuos pl\u00e1sticos o pl\u00e1sticos mezclados con residuos met\u00e1licos.<\/p>\n\n\n\n<div style=\"height:60px\" aria-hidden=\"true\" class=\"wp-block-spacer\"><\/div>\n\n\n\n<div class=\"inherit-container-width wp-block-group alignfull galeria has-background is-layout-constrained wp-block-group-is-layout-constrained\" style=\"background-color:#dddddd\">\n<figure class=\"wp-block-gallery alignwide has-nested-images columns-4 is-cropped wp-block-gallery-1 is-layout-flex wp-block-gallery-is-layout-flex\">\n<figure class=\"wp-block-image size-large\"><img loading=\"lazy\" decoding=\"async\" width=\"800\" height=\"600\" data-id=\"1780\" src=\"https:\/\/www.pratgir.com\/wp-content\/uploads\/2022\/04\/residus-plastics-1.jpg\" alt=\"\" class=\"wp-image-1780\" srcset=\"https:\/\/www.pratgir.com\/wp-content\/uploads\/2022\/04\/residus-plastics-1.jpg 800w, https:\/\/www.pratgir.com\/wp-content\/uploads\/2022\/04\/residus-plastics-1-300x225.jpg 300w, https:\/\/www.pratgir.com\/wp-content\/uploads\/2022\/04\/residus-plastics-1-768x576.jpg 768w\" sizes=\"auto, (max-width: 800px) 100vw, 800px\" \/><\/figure>\n\n\n\n<figure class=\"wp-block-image size-large\"><img loading=\"lazy\" decoding=\"async\" width=\"800\" height=\"600\" data-id=\"1783\" src=\"https:\/\/www.pratgir.com\/wp-content\/uploads\/2022\/04\/residus-plastics-2.jpg\" alt=\"\" class=\"wp-image-1783\" srcset=\"https:\/\/www.pratgir.com\/wp-content\/uploads\/2022\/04\/residus-plastics-2.jpg 800w, https:\/\/www.pratgir.com\/wp-content\/uploads\/2022\/04\/residus-plastics-2-300x225.jpg 300w, https:\/\/www.pratgir.com\/wp-content\/uploads\/2022\/04\/residus-plastics-2-768x576.jpg 768w\" sizes=\"auto, (max-width: 800px) 100vw, 800px\" \/><\/figure>\n\n\n\n<figure class=\"wp-block-image size-large\"><img loading=\"lazy\" decoding=\"async\" width=\"800\" height=\"600\" data-id=\"1786\" src=\"https:\/\/www.pratgir.com\/wp-content\/uploads\/2022\/04\/residus-plastics-3.jpg\" alt=\"\" class=\"wp-image-1786\" srcset=\"https:\/\/www.pratgir.com\/wp-content\/uploads\/2022\/04\/residus-plastics-3.jpg 800w, https:\/\/www.pratgir.com\/wp-content\/uploads\/2022\/04\/residus-plastics-3-300x225.jpg 300w, https:\/\/www.pratgir.com\/wp-content\/uploads\/2022\/04\/residus-plastics-3-768x576.jpg 768w\" sizes=\"auto, (max-width: 800px) 100vw, 800px\" \/><\/figure>\n\n\n\n<figure class=\"wp-block-image size-large\"><img loading=\"lazy\" decoding=\"async\" width=\"800\" height=\"600\" data-id=\"1789\" src=\"https:\/\/www.pratgir.com\/wp-content\/uploads\/2022\/04\/residus-plastics-4.jpg\" alt=\"\" class=\"wp-image-1789\" srcset=\"https:\/\/www.pratgir.com\/wp-content\/uploads\/2022\/04\/residus-plastics-4.jpg 800w, https:\/\/www.pratgir.com\/wp-content\/uploads\/2022\/04\/residus-plastics-4-300x225.jpg 300w, https:\/\/www.pratgir.com\/wp-content\/uploads\/2022\/04\/residus-plastics-4-768x576.jpg 768w\" sizes=\"auto, (max-width: 800px) 100vw, 800px\" \/><\/figure>\n<\/figure>\n<\/div>\n","protected":false},"excerpt":{"rendered":"<p>En Pratgir nos hemos planteado el reto de la revalorizaci\u00f3n del pl\u00e1stico para intentar contribuir al m\u00e1ximo en la preservaci\u00f3n del medioambiente. Todo producto pl\u00e1stico [&hellip;]<\/p>\n","protected":false},"author":2,"featured_media":0,"parent":0,"menu_order":0,"comment_status":"closed","ping_status":"closed","template":"","meta":{"site-sidebar-layout":"default","site-content-layout":"plain-container","ast-site-content-layout":"","site-content-style":"default","site-sidebar-style":"default","ast-global-header-display":"","ast-banner-title-visibility":"","ast-main-header-display":"","ast-hfb-above-header-display":"","ast-hfb-below-header-display":"","ast-hfb-mobile-header-display":"","site-post-title":"disabled","ast-breadcrumbs-content":"","ast-featured-img":"disabled","footer-sml-layout":"","theme-transparent-header-meta":"","adv-header-id-meta":"","stick-header-meta":"","header-above-stick-meta":"","header-main-stick-meta":"","header-below-stick-meta":"","astra-migrate-meta-layouts":"default","ast-page-background-enabled":"default","ast-page-background-meta":{"desktop":{"background-color":"","background-image":"","background-repeat":"repeat","background-position":"center center","background-size":"auto","background-attachment":"scroll","background-type":"","background-media":"","overlay-type":"","overlay-color":"","overlay-opacity":"","overlay-gradient":""},"tablet":{"background-color":"","background-image":"","background-repeat":"repeat","background-position":"center center","background-size":"auto","background-attachment":"scroll","background-type":"","background-media":"","overlay-type":"","overlay-color":"","overlay-opacity":"","overlay-gradient":""},"mobile":{"background-color":"","background-image":"","background-repeat":"repeat","background-position":"center center","background-size":"auto","background-attachment":"scroll","background-type":"","background-media":"","overlay-type":"","overlay-color":"","overlay-opacity":"","overlay-gradient":""}},"ast-content-background-meta":{"desktop":{"background-color":"var(--ast-global-color-5)","background-image":"","background-repeat":"repeat","background-position":"center center","background-size":"auto","background-attachment":"scroll","background-type":"","background-media":"","overlay-type":"","overlay-color":"","overlay-opacity":"","overlay-gradient":""},"tablet":{"background-color":"var(--ast-global-color-5)","background-image":"","background-repeat":"repeat","background-position":"center center","background-size":"auto","background-attachment":"scroll","background-type":"","background-media":"","overlay-type":"","overlay-color":"","overlay-opacity":"","overlay-gradient":""},"mobile":{"background-color":"var(--ast-global-color-5)","background-image":"","background-repeat":"repeat","background-position":"center center","background-size":"auto","background-attachment":"scroll","background-type":"","background-media":"","overlay-type":"","overlay-color":"","overlay-opacity":"","overlay-gradient":""}},"footnotes":""},"class_list":["post-1857","page","type-page","status-publish","hentry"],"_links":{"self":[{"href":"https:\/\/www.pratgir.com\/es\/wp-json\/wp\/v2\/pages\/1857","targetHints":{"allow":["GET"]}}],"collection":[{"href":"https:\/\/www.pratgir.com\/es\/wp-json\/wp\/v2\/pages"}],"about":[{"href":"https:\/\/www.pratgir.com\/es\/wp-json\/wp\/v2\/types\/page"}],"author":[{"embeddable":true,"href":"https:\/\/www.pratgir.com\/es\/wp-json\/wp\/v2\/users\/2"}],"replies":[{"embeddable":true,"href":"https:\/\/www.pratgir.com\/es\/wp-json\/wp\/v2\/comments?post=1857"}],"version-history":[{"count":3,"href":"https:\/\/www.pratgir.com\/es\/wp-json\/wp\/v2\/pages\/1857\/revisions"}],"predecessor-version":[{"id":2113,"href":"https:\/\/www.pratgir.com\/es\/wp-json\/wp\/v2\/pages\/1857\/revisions\/2113"}],"wp:attachment":[{"href":"https:\/\/www.pratgir.com\/es\/wp-json\/wp\/v2\/media?parent=1857"}],"curies":[{"name":"wp","href":"https:\/\/api.w.org\/{rel}","templated":true}]}}